{"id":2689,"date":"2024-12-02T08:27:35","date_gmt":"2024-12-02T07:27:35","guid":{"rendered":"https:\/\/produkcja.germaz.pl\/?page_id=2689"},"modified":"2024-12-02T08:30:57","modified_gmt":"2024-12-02T07:30:57","slug":"ford_ranger_6x6","status":"publish","type":"page","link":"https:\/\/produkcja.germaz.pl\/index.php\/ford_ranger_6x6\/","title":{"rendered":"ford_ranger_6x6"},"content":{"rendered":"\t\t<div data-elementor-type=\"wp-page\" data-elementor-id=\"2689\" class=\"elementor elementor-2689\">\n\t\t\t\t\t\t<div class=\"elementor-inner\">\n\t\t\t\t<div class=\"elementor-section-wrap\">\n\t\t\t\t\t\t\t\t\t<section class=\"elementor-section elementor-top-section elementor-element elementor-element-618e443c elementor-section-stretched elementor-section-full_width elementor-section-height-default elementor-section-height-default\" data-id=\"618e443c\" data-element_type=\"section\" data-settings=\"{&quot;stretch_section&quot;:&quot;section-stretched&quot;,&quot;background_background&quot;:&quot;classic&quot;}\">\n\t\t\t\t\t\t<div class=\"elementor-container elementor-column-gap-default\">\n\t\t\t\t\t\t\t<div class=\"elementor-row\">\n\t\t\t\t\t<div class=\"elementor-column elementor-col-100 elementor-top-column elementor-element elementor-element-4774293\" data-id=\"4774293\" data-element_type=\"column\">\n\t\t\t<div class=\"elementor-column-wrap elementor-element-populated\">\n\t\t\t\t\t\t\t<div class=\"elementor-widget-wrap\">\n\t\t\t\t\t\t<div class=\"elementor-element elementor-element-1cd3053c elementor-widget elementor-widget-gallery\" data-id=\"1cd3053c\" data-element_type=\"widget\" data-settings=\"{&quot;gallery_layout&quot;:&quot;justified&quot;,&quot;ideal_row_height&quot;:{&quot;unit&quot;:&quot;px&quot;,&quot;size&quot;:311,&quot;sizes&quot;:[]},&quot;ideal_row_height_tablet&quot;:{&quot;unit&quot;:&quot;px&quot;,&quot;size&quot;:178,&quot;sizes&quot;:[]},&quot;ideal_row_height_mobile&quot;:{&quot;unit&quot;:&quot;px&quot;,&quot;size&quot;:103,&quot;sizes&quot;:[]},&quot;lazyload&quot;:&quot;yes&quot;,&quot;gap&quot;:{&quot;unit&quot;:&quot;px&quot;,&quot;size&quot;:10,&quot;sizes&quot;:[]},&quot;gap_tablet&quot;:{&quot;unit&quot;:&quot;px&quot;,&quot;size&quot;:10,&quot;sizes&quot;:[]},&quot;gap_mobile&quot;:{&quot;unit&quot;:&quot;px&quot;,&quot;size&quot;:10,&quot;sizes&quot;:[]},&quot;link_to&quot;:&quot;file&quot;,&quot;overlay_background&quot;:&quot;yes&quot;,&quot;content_hover_animation&quot;:&quot;fade-in&quot;}\" data-widget_type=\"gallery.default\">\n\t\t\t\t<div class=\"elementor-widget-container\">\n\t\t\t\t\t<div class=\"elementor-gallery__container\">\n\t\t\t\t\t\t\t<a class=\"e-gallery-item elementor-gallery-item elementor-animated-content\" href=\"https:\/\/produkcja.germaz.pl\/wp-content\/uploads\/2024\/12\/DSC02500-1.jpg\" data-elementor-open-lightbox=\"yes\" data-elementor-lightbox-slideshow=\"all-1cd3053c\" data-elementor-lightbox-title=\"DSC02500 (1)\" e-action-hash=\"#elementor-action%3Aaction%3Dlightbox%26settings%3DeyJpZCI6MjY5MSwidXJsIjoiaHR0cHM6XC9cL3Byb2R1a2NqYS5nZXJtYXoucGxcL3dwLWNvbnRlbnRcL3VwbG9hZHNcLzIwMjRcLzEyXC9EU0MwMjUwMC0xLmpwZyIsInNsaWRlc2hvdyI6ImFsbC0xY2QzMDUzYyJ9\">\n\t\t\t\t\t<div class=\"e-gallery-image elementor-gallery-item__image\" data-thumbnail=\"https:\/\/produkcja.germaz.pl\/wp-content\/uploads\/2024\/12\/DSC02500-1-1024x576.jpg\" data-width=\"1024\" data-height=\"576\" alt=\"\" ><\/div>\n\t\t\t\t\t\t\t\t\t\t\t<div class=\"elementor-gallery-item__overlay\"><\/div>\n\t\t\t\t\t\t\t\t\t\t\t\t\t\t<\/a>\n\t\t\t\t\t\t\t<a class=\"e-gallery-item elementor-gallery-item elementor-animated-content\" href=\"https:\/\/produkcja.germaz.pl\/wp-content\/uploads\/2024\/12\/DSC02854-1.jpg\" data-elementor-open-lightbox=\"yes\" data-elementor-lightbox-slideshow=\"all-1cd3053c\" data-elementor-lightbox-title=\"DSC02854 (1)\" e-action-hash=\"#elementor-action%3Aaction%3Dlightbox%26settings%3DeyJpZCI6MjY5MiwidXJsIjoiaHR0cHM6XC9cL3Byb2R1a2NqYS5nZXJtYXoucGxcL3dwLWNvbnRlbnRcL3VwbG9hZHNcLzIwMjRcLzEyXC9EU0MwMjg1NC0xLmpwZyIsInNsaWRlc2hvdyI6ImFsbC0xY2QzMDUzYyJ9\">\n\t\t\t\t\t<div class=\"e-gallery-image elementor-gallery-item__image\" data-thumbnail=\"https:\/\/produkcja.germaz.pl\/wp-content\/uploads\/2024\/12\/DSC02854-1-1024x576.jpg\" data-width=\"1024\" data-height=\"576\" alt=\"\" ><\/div>\n\t\t\t\t\t\t\t\t\t\t\t<div class=\"elementor-gallery-item__overlay\"><\/div>\n\t\t\t\t\t\t\t\t\t\t\t\t\t\t<\/a>\n\t\t\t\t\t\t\t<a class=\"e-gallery-item elementor-gallery-item elementor-animated-content\" href=\"https:\/\/produkcja.germaz.pl\/wp-content\/uploads\/2024\/12\/DSC02511.jpg\" data-elementor-open-lightbox=\"yes\" data-elementor-lightbox-slideshow=\"all-1cd3053c\" data-elementor-lightbox-title=\"DSC02511\" e-action-hash=\"#elementor-action%3Aaction%3Dlightbox%26settings%3DeyJpZCI6MjY5MywidXJsIjoiaHR0cHM6XC9cL3Byb2R1a2NqYS5nZXJtYXoucGxcL3dwLWNvbnRlbnRcL3VwbG9hZHNcLzIwMjRcLzEyXC9EU0MwMjUxMS5qcGciLCJzbGlkZXNob3ciOiJhbGwtMWNkMzA1M2MifQ%3D%3D\">\n\t\t\t\t\t<div class=\"e-gallery-image elementor-gallery-item__image\" data-thumbnail=\"https:\/\/produkcja.germaz.pl\/wp-content\/uploads\/2024\/12\/DSC02511-1024x576.jpg\" data-width=\"1024\" data-height=\"576\" alt=\"\" ><\/div>\n\t\t\t\t\t\t\t\t\t\t\t<div class=\"elementor-gallery-item__overlay\"><\/div>\n\t\t\t\t\t\t\t\t\t\t\t\t\t\t<\/a>\n\t\t\t\t\t\t\t<a class=\"e-gallery-item elementor-gallery-item elementor-animated-content\" href=\"https:\/\/produkcja.germaz.pl\/wp-content\/uploads\/2024\/12\/DSC02839.jpg\" data-elementor-open-lightbox=\"yes\" data-elementor-lightbox-slideshow=\"all-1cd3053c\" data-elementor-lightbox-title=\"DSC02839\" e-action-hash=\"#elementor-action%3Aaction%3Dlightbox%26settings%3DeyJpZCI6MjY5NSwidXJsIjoiaHR0cHM6XC9cL3Byb2R1a2NqYS5nZXJtYXoucGxcL3dwLWNvbnRlbnRcL3VwbG9hZHNcLzIwMjRcLzEyXC9EU0MwMjgzOS5qcGciLCJzbGlkZXNob3ciOiJhbGwtMWNkMzA1M2MifQ%3D%3D\">\n\t\t\t\t\t<div class=\"e-gallery-image elementor-gallery-item__image\" data-thumbnail=\"https:\/\/produkcja.germaz.pl\/wp-content\/uploads\/2024\/12\/DSC02839-1024x576.jpg\" data-width=\"1024\" data-height=\"576\" alt=\"\" ><\/div>\n\t\t\t\t\t\t\t\t\t\t\t<div class=\"elementor-gallery-item__overlay\"><\/div>\n\t\t\t\t\t\t\t\t\t\t\t\t\t\t<\/a>\n\t\t\t\t\t\t\t<a class=\"e-gallery-item elementor-gallery-item elementor-animated-content\" href=\"https:\/\/produkcja.germaz.pl\/wp-content\/uploads\/2024\/12\/DSC02518.jpg\" data-elementor-open-lightbox=\"yes\" data-elementor-lightbox-slideshow=\"all-1cd3053c\" data-elementor-lightbox-title=\"DSC02518\" e-action-hash=\"#elementor-action%3Aaction%3Dlightbox%26settings%3DeyJpZCI6MjY5NCwidXJsIjoiaHR0cHM6XC9cL3Byb2R1a2NqYS5nZXJtYXoucGxcL3dwLWNvbnRlbnRcL3VwbG9hZHNcLzIwMjRcLzEyXC9EU0MwMjUxOC5qcGciLCJzbGlkZXNob3ciOiJhbGwtMWNkMzA1M2MifQ%3D%3D\">\n\t\t\t\t\t<div class=\"e-gallery-image elementor-gallery-item__image\" data-thumbnail=\"https:\/\/produkcja.germaz.pl\/wp-content\/uploads\/2024\/12\/DSC02518-1024x576.jpg\" data-width=\"1024\" data-height=\"576\" alt=\"\" ><\/div>\n\t\t\t\t\t\t\t\t\t\t\t<div class=\"elementor-gallery-item__overlay\"><\/div>\n\t\t\t\t\t\t\t\t\t\t\t\t\t\t<\/a>\n\t\t\t\t\t\t\t<a class=\"e-gallery-item elementor-gallery-item elementor-animated-content\" href=\"https:\/\/produkcja.germaz.pl\/wp-content\/uploads\/2024\/12\/DSC02526.jpg\" data-elementor-open-lightbox=\"yes\" data-elementor-lightbox-slideshow=\"all-1cd3053c\" data-elementor-lightbox-title=\"DSC02526\" e-action-hash=\"#elementor-action%3Aaction%3Dlightbox%26settings%3DeyJpZCI6MjY5NiwidXJsIjoiaHR0cHM6XC9cL3Byb2R1a2NqYS5nZXJtYXoucGxcL3dwLWNvbnRlbnRcL3VwbG9hZHNcLzIwMjRcLzEyXC9EU0MwMjUyNi5qcGciLCJzbGlkZXNob3ciOiJhbGwtMWNkMzA1M2MifQ%3D%3D\">\n\t\t\t\t\t<div class=\"e-gallery-image elementor-gallery-item__image\" data-thumbnail=\"https:\/\/produkcja.germaz.pl\/wp-content\/uploads\/2024\/12\/DSC02526-1024x576.jpg\" data-width=\"1024\" data-height=\"576\" alt=\"\" ><\/div>\n\t\t\t\t\t\t\t\t\t\t\t<div class=\"elementor-gallery-item__overlay\"><\/div>\n\t\t\t\t\t\t\t\t\t\t\t\t\t\t<\/a>\n\t\t\t\t\t<\/div>\n\t\t\t<\/div>\n\t\t\t\t<\/div>\n\t\t\t\t\t\t<\/div>\n\t\t\t\t\t<\/div>\n\t\t<\/div>\n\t\t\t\t\t\t\t\t<\/div>\n\t\t\t\t\t<\/div>\n\t\t<\/section>\n\t\t\t\t<section class=\"elementor-section elementor-top-section elementor-element elementor-element-69985fe7 elementor-section-stretched elementor-section-full_width elementor-section-height-default elementor-section-height-default\" data-id=\"69985fe7\" data-element_type=\"section\" data-settings=\"{&quot;stretch_section&quot;:&quot;section-stretched&quot;,&quot;background_background&quot;:&quot;classic&quot;}\">\n\t\t\t\t\t\t<div class=\"elementor-container elementor-column-gap-default\">\n\t\t\t\t\t\t\t<div class=\"elementor-row\">\n\t\t\t\t\t<div class=\"elementor-column elementor-col-100 elementor-top-column elementor-element elementor-element-5ea209d0\" data-id=\"5ea209d0\" data-element_type=\"column\">\n\t\t\t<div class=\"elementor-column-wrap elementor-element-populated\">\n\t\t\t\t\t\t\t<div class=\"elementor-widget-wrap\">\n\t\t\t\t\t\t<div class=\"elementor-element elementor-element-51fc1ba2 elementor-widget elementor-widget-heading\" data-id=\"51fc1ba2\" data-element_type=\"widget\" data-widget_type=\"heading.default\">\n\t\t\t\t<div class=\"elementor-widget-container\">\n\t\t\t<h4 class=\"elementor-heading-title elementor-size-default\">FORD RANGER 6x6<\/h4>\t\t<\/div>\n\t\t\t\t<\/div>\n\t\t\t\t<div class=\"elementor-element elementor-element-544bc8cc elementor-widget-divider--view-line elementor-widget elementor-widget-divider\" data-id=\"544bc8cc\" data-element_type=\"widget\" data-widget_type=\"divider.default\">\n\t\t\t\t<div class=\"elementor-widget-container\">\n\t\t\t\t\t<div class=\"elementor-divider\">\n\t\t\t<span class=\"elementor-divider-separator\">\n\t\t\t\t\t\t<\/span>\n\t\t<\/div>\n\t\t\t\t<\/div>\n\t\t\t\t<\/div>\n\t\t\t\t<div class=\"elementor-element elementor-element-d414618 elementor-widget elementor-widget-text-editor\" data-id=\"d414618\" data-element_type=\"widget\" data-widget_type=\"text-editor.default\">\n\t\t\t\t<div class=\"elementor-widget-container\">\n\t\t\t\t\t\t\t\t<div class=\"elementor-text-editor elementor-clearfix\">\n\t\t\t\t<p><strong>POJAZD O PODWY\u017bSZONEJ \u0141ADOWNO\u015aCI<\/strong><\/p>\t\t\t\t\t<\/div>\n\t\t\t\t\t\t<\/div>\n\t\t\t\t<\/div>\n\t\t\t\t\t\t<\/div>\n\t\t\t\t\t<\/div>\n\t\t<\/div>\n\t\t\t\t\t\t\t\t<\/div>\n\t\t\t\t\t<\/div>\n\t\t<\/section>\n\t\t\t\t<section class=\"elementor-section elementor-top-section elementor-element elementor-element-72505324 elementor-section-stretched elementor-section-full_width elementor-section-height-default elementor-section-height-default\" data-id=\"72505324\" data-element_type=\"section\" data-settings=\"{&quot;stretch_section&quot;:&quot;section-stretched&quot;,&quot;background_background&quot;:&quot;classic&quot;}\">\n\t\t\t\t\t\t<div class=\"elementor-container elementor-column-gap-default\">\n\t\t\t\t\t\t\t<div class=\"elementor-row\">\n\t\t\t\t\t<div class=\"elementor-column elementor-col-50 elementor-top-column elementor-element elementor-element-5d9d6ab1\" data-id=\"5d9d6ab1\" data-element_type=\"column\">\n\t\t\t<div class=\"elementor-column-wrap elementor-element-populated\">\n\t\t\t\t\t\t\t<div class=\"elementor-widget-wrap\">\n\t\t\t\t\t\t<div class=\"elementor-element elementor-element-6714bd32 elementor-widget elementor-widget-text-editor\" data-id=\"6714bd32\" data-element_type=\"widget\" data-widget_type=\"text-editor.default\">\n\t\t\t\t<div class=\"elementor-widget-container\">\n\t\t\t\t\t\t\t\t<div class=\"elementor-text-editor elementor-clearfix\">\n\t\t\t\t<p>Konwersje 6&#215;4 i 6&#215;6 zosta\u0142y opracowane jako zestawy przykr\u0119cane, aby zapewni\u0107 wiod\u0105cemu w swojej klasie Ford Ranger 4&#215;4 zwi\u0119kszon\u0105 \u0142adowno\u015b\u0107 ze standardowych 1000 kg do imponuj\u0105cych 4000 kg.<\/p><p>Zatwierdzona przez Forda konwersja jest kompatybilna z wariantami z pojedyncz\u0105, przed\u0142u\u017con\u0105 i podw\u00f3jn\u0105 kabin\u0105, dzi\u0119ki czemu zachowuje gwarancj\u0119 pojazdu podstawowego. Przykr\u0119cana konstrukcja, wykorzystuj\u0105ca wiele standardowych cz\u0119\u015bci Forda, jest \u0142atwa w monta\u017cu i mo\u017ce by\u0107 wdra\u017cana, a nawet przenoszona mi\u0119dzy pojazdami, aby zapewni\u0107 bardziej elastyczne wykorzystanie floty.<\/p><p>Rozk\u0142adane obci\u0105\u017cenie zawieszenia pozwala na doskona\u0142e wychylenie k\u00f3\u0142, co maksymalizuje przyczepno\u015b\u0107 i mobilno\u015b\u0107, a jednocze\u015bnie zapewnia wyj\u0105tkow\u0105 jako\u015b\u0107 jazdy.<br \/>Wariant 6&#215;4 wykorzystuje \u201eleniw\u0105\u201d belk\u0119 osi, aby zapewni\u0107 maksymaln\u0105 \u0142adowno\u015b\u0107 przy niskich kosztach w zastosowaniach na drogach mi\u0119kkich i szybkiego ruchu.<\/p><p>Mechaniczny nap\u0119d 6&#215;6 umo\u017cliwia wyb\u00f3r nap\u0119du na wszystkie ko\u0142a, co zapewnia maksymaln\u0105 przyczepno\u015b\u0107 i wyj\u0105tkow\u0105 mobilno\u015b\u0107 w terenie.<\/p>\t\t\t\t\t<\/div>\n\t\t\t\t\t\t<\/div>\n\t\t\t\t<\/div>\n\t\t\t\t\t\t<\/div>\n\t\t\t\t\t<\/div>\n\t\t<\/div>\n\t\t\t\t<div class=\"elementor-column elementor-col-50 elementor-top-column elementor-element elementor-element-4213836a\" data-id=\"4213836a\" data-element_type=\"column\">\n\t\t\t<div class=\"elementor-column-wrap elementor-element-populated\">\n\t\t\t\t\t\t\t<div class=\"elementor-widget-wrap\">\n\t\t\t\t\t\t<div class=\"elementor-element elementor-element-ba63abc elementor-widget elementor-widget-text-editor\" data-id=\"ba63abc\" data-element_type=\"widget\" data-widget_type=\"text-editor.default\">\n\t\t\t\t<div class=\"elementor-widget-container\">\n\t\t\t\t\t\t\t\t<div class=\"elementor-text-editor elementor-clearfix\">\n\t\t\t\t<p><strong>POJAZD PODSTAWOWY:<\/strong><br \/>5th Generation Ford Ranger Pick-up<\/p><p><br \/><strong>KOMPATYBILNY Z:<\/strong><br \/>\u2022 Ford Ranger 4&#215;4 5. generacji z zawieszeniem tylnym na resorach<br \/>pi\u00f3rowych i tylnymi hamulcami tarczowymi.<br \/>\u2022 Silnikami wysokopr\u0119\u017cnymi V6 o mocy 240 PS lub I4 o mocy 205 PS<br \/>\u2022 Olejem nap\u0119dowym\/AVTUR\/F-34<br \/>\u2022 10-biegow\u0105 automatyczn\u0105 skrzyni\u0105 bieg\u00f3w<br \/>\u2022 Uk\u0142adem nap\u0119dowym Ford 4&#215;4 z blokad\u0105 centraln\u0105 i<br \/>mechanizmem r\u00f3\u017cnicowym<\/p><p><br \/><strong>ZESTAW PODSTAWOWY:<\/strong><br \/>\u2022 Stalowa, przykr\u0119cana konstrukcja nadbudowy<br \/>\u2022 Resory pi\u00f3rowe<br \/>\u2022 Uk\u0142ad obrotowy podzia\u0142u obci\u0105\u017cenia<br \/>\u2022 6&#215;4: o\u015b belkowa z piast\u0105 Ford Ranger i zespo\u0142em hamulc\u00f3w<br \/>tarczowych<br \/>\u2022 6&#215;6: o\u015b Ford Ranger i zesp\u00f3\u0142 hamulc\u00f3w tarczowych<br \/>\u2022 Ko\u0142a, opony i przewody hamulcowe<\/p><p><br \/><strong>OPCJE:<\/strong><br \/>\u2022 6&#215;4 lub 6&#215;6<br \/>\u2022 Aluminiowa opuszczana boczna skrzynia \u0142adunkowa<br \/>\u2022 Us\u0142uga monta\u017cu zestawu<\/p><p><br \/><strong>WYMIARY:<\/strong><br \/>\u2022 D\u0142ugo\u015b\u0107 6,1 m \/ Szeroko\u015b\u0107 2,3 m \/ Wysoko\u015b\u0107 2,0 m<br \/>\u0141ADOWNO\u015a\u0106:<br \/>\u2022 Od 2000 kg do 4000 kg<br \/><br \/><\/p>\t\t\t\t\t<\/div>\n\t\t\t\t\t\t<\/div>\n\t\t\t\t<\/div>\n\t\t\t\t\t\t<\/div>\n\t\t\t\t\t<\/div>\n\t\t<\/div>\n\t\t\t\t\t\t\t\t<\/div>\n\t\t\t\t\t<\/div>\n\t\t<\/section>\n\t\t\t\t<section class=\"elementor-section elementor-top-section elementor-element elementor-element-3236dff elementor-section-stretched elementor-section-full_width elementor-section-height-default elementor-section-height-default\" data-id=\"3236dff\" data-element_type=\"section\" data-settings=\"{&quot;stretch_section&quot;:&quot;section-stretched&quot;,&quot;background_background&quot;:&quot;classic&quot;}\">\n\t\t\t\t\t\t<div class=\"elementor-container elementor-column-gap-default\">\n\t\t\t\t\t\t\t<div class=\"elementor-row\">\n\t\t\t\t\t<div class=\"elementor-column elementor-col-100 elementor-top-column elementor-element elementor-element-389a8d30\" data-id=\"389a8d30\" data-element_type=\"column\">\n\t\t\t<div class=\"elementor-column-wrap elementor-element-populated\">\n\t\t\t\t\t\t\t<div class=\"elementor-widget-wrap\">\n\t\t\t\t\t\t<div class=\"elementor-element elementor-element-ecdcf8c elementor-align-right elementor-mobile-align-center elementor-invisible elementor-widget elementor-widget-button\" data-id=\"ecdcf8c\" data-element_type=\"widget\" data-settings=\"{&quot;_animation&quot;:&quot;fadeInUp&quot;}\" data-widget_type=\"button.default\">\n\t\t\t\t<div class=\"elementor-widget-container\">\n\t\t\t\t\t<div class=\"elementor-button-wrapper\">\n\t\t\t<a href=\"https:\/\/produkcja.germaz.pl\/index.php\/kontakt\/\" class=\"elementor-button-link elementor-button elementor-size-sm\" role=\"button\">\n\t\t\t\t\t\t<span class=\"elementor-button-content-wrapper\">\n\t\t\t\t\t\t<span class=\"elementor-button-text\">SKONTAKTUJ SI\u0118 Z NAMI<\/span>\n\t\t<\/span>\n\t\t\t\t\t<\/a>\n\t\t<\/div>\n\t\t\t\t<\/div>\n\t\t\t\t<\/div>\n\t\t\t\t\t\t<\/div>\n\t\t\t\t\t<\/div>\n\t\t<\/div>\n\t\t\t\t\t\t\t\t<\/div>\n\t\t\t\t\t<\/div>\n\t\t<\/section>\n\t\t\t\t<section class=\"elementor-section elementor-top-section elementor-element elementor-element-7bade69b elementor-section-content-middle elementor-section-stretched elementor-section-boxed elementor-section-height-default elementor-section-height-default\" data-id=\"7bade69b\" data-element_type=\"section\" data-settings=\"{&quot;stretch_section&quot;:&quot;section-stretched&quot;,&quot;background_background&quot;:&quot;classic&quot;}\">\n\t\t\t\t\t\t<div class=\"elementor-container elementor-column-gap-no\">\n\t\t\t\t\t\t\t<div class=\"elementor-row\">\n\t\t\t\t\t<div class=\"elementor-column elementor-col-100 elementor-top-column elementor-element elementor-element-4090ecd4\" data-id=\"4090ecd4\" data-element_type=\"column\">\n\t\t\t<div class=\"elementor-column-wrap elementor-element-populated\">\n\t\t\t\t\t\t\t<div class=\"elementor-widget-wrap\">\n\t\t\t\t\t\t<div class=\"elementor-element elementor-element-64b5394b elementor-shape-rounded elementor-grid-0 e-grid-align-center elementor-widget elementor-widget-social-icons\" data-id=\"64b5394b\" data-element_type=\"widget\" data-widget_type=\"social-icons.default\">\n\t\t\t\t<div class=\"elementor-widget-container\">\n\t\t\t\t\t<div class=\"elementor-social-icons-wrapper elementor-grid\">\n\t\t\t\t\t\t\t<span class=\"elementor-grid-item\">\n\t\t\t\t\t<a class=\"elementor-icon elementor-social-icon elementor-social-icon-facebook-f elementor-animation-grow elementor-repeater-item-9c86cde\" href=\"https:\/\/www.facebook.com\/D.S.Germaz\/\" target=\"_blank\">\n\t\t\t\t\t\t<span class=\"elementor-screen-only\">Facebook-f<\/span>\n\t\t\t\t\t\t<i class=\"fab fa-facebook-f\"><\/i>\t\t\t\t\t<\/a>\n\t\t\t\t<\/span>\n\t\t\t\t\t\t\t<span class=\"elementor-grid-item\">\n\t\t\t\t\t<a class=\"elementor-icon elementor-social-icon elementor-social-icon-instagram elementor-animation-grow elementor-repeater-item-08f6147\" href=\"https:\/\/www.instagram.com\/grupa_germaz\/\" target=\"_blank\">\n\t\t\t\t\t\t<span class=\"elementor-screen-only\">Instagram<\/span>\n\t\t\t\t\t\t<i class=\"fab fa-instagram\"><\/i>\t\t\t\t\t<\/a>\n\t\t\t\t<\/span>\n\t\t\t\t\t<\/div>\n\t\t\t\t<\/div>\n\t\t\t\t<\/div>\n\t\t\t\t\t\t<\/div>\n\t\t\t\t\t<\/div>\n\t\t<\/div>\n\t\t\t\t\t\t\t\t<\/div>\n\t\t\t\t\t<\/div>\n\t\t<\/section>\n\t\t\t\t<section class=\"elementor-section elementor-top-section elementor-element elementor-element-3075ed66 elementor-section-stretched elementor-section-full_width elementor-section-height-default elementor-section-height-default\" data-id=\"3075ed66\" data-element_type=\"section\" data-settings=\"{&quot;stretch_section&quot;:&quot;section-stretched&quot;,&quot;background_background&quot;:&quot;classic&quot;}\">\n\t\t\t\t\t\t<div class=\"elementor-container elementor-column-gap-default\">\n\t\t\t\t\t\t\t<div class=\"elementor-row\">\n\t\t\t\t\t<div class=\"elementor-column elementor-col-100 elementor-top-column elementor-element elementor-element-795a1b36\" data-id=\"795a1b36\" data-element_type=\"column\">\n\t\t\t<div class=\"elementor-column-wrap elementor-element-populated\">\n\t\t\t\t\t\t\t<div class=\"elementor-widget-wrap\">\n\t\t\t\t\t\t<div class=\"elementor-element elementor-element-7098d82c elementor-widget elementor-widget-heading\" data-id=\"7098d82c\" data-element_type=\"widget\" data-widget_type=\"heading.default\">\n\t\t\t\t<div class=\"elementor-widget-container\">\n\t\t\t<h2 class=\"elementor-heading-title elementor-size-default\"><a href=\"http:\/\/divme.site\/\" target=\"_blank\">Copyright \u00a9 2019 PRODUKCJA GERMAZ All rights reserved. made by DIVME.SITE<\/a><\/h2>\t\t<\/div>\n\t\t\t\t<\/div>\n\t\t\t\t\t\t<\/div>\n\t\t\t\t\t<\/div>\n\t\t<\/div>\n\t\t\t\t\t\t\t\t<\/div>\n\t\t\t\t\t<\/div>\n\t\t<\/section>\n\t\t\t\t\t\t\t\t\t<\/div>\n\t\t\t<\/div>\n\t\t\t\t\t<\/div>\n\t\t","protected":false},"excerpt":{"rendered":"<p>FORD RANGER 6&#215;6 POJAZD O PODWY\u017bSZONEJ \u0141ADOWNO\u015aCI Konwersje 6&#215;4 i 6&#215;6 zosta\u0142y opracowane jako zestawy przykr\u0119cane, aby zapewni\u0107 wiod\u0105cemu w swojej klasie Ford Ranger 4&#215;4 zwi\u0119kszon\u0105 \u0142adowno\u015b\u0107 ze standardowych 1000 kg do imponuj\u0105cych 4000 kg. Zatwierdzona przez Forda konwersja jest kompatybilna z wariantami z pojedyncz\u0105, przed\u0142u\u017con\u0105 i podw\u00f3jn\u0105 kabin\u0105, dzi\u0119ki czemu zachowuje gwarancj\u0119 pojazdu podstawowego. [&hellip;]<\/p>\n","protected":false},"author":1,"featured_media":0,"parent":0,"menu_order":0,"comment_status":"closed","ping_status":"closed","template":"","meta":[],"_links":{"self":[{"href":"https:\/\/produkcja.germaz.pl\/index.php\/wp-json\/wp\/v2\/pages\/2689"}],"collection":[{"href":"https:\/\/produkcja.germaz.pl\/index.php\/wp-json\/wp\/v2\/pages"}],"about":[{"href":"https:\/\/produkcja.germaz.pl\/index.php\/wp-json\/wp\/v2\/types\/page"}],"author":[{"embeddable":true,"href":"https:\/\/produkcja.germaz.pl\/index.php\/wp-json\/wp\/v2\/users\/1"}],"replies":[{"embeddable":true,"href":"https:\/\/produkcja.germaz.pl\/index.php\/wp-json\/wp\/v2\/comments?post=2689"}],"version-history":[{"count":4,"href":"https:\/\/produkcja.germaz.pl\/index.php\/wp-json\/wp\/v2\/pages\/2689\/revisions"}],"predecessor-version":[{"id":2699,"href":"https:\/\/produkcja.germaz.pl\/index.php\/wp-json\/wp\/v2\/pages\/2689\/revisions\/2699"}],"wp:attachment":[{"href":"https:\/\/produkcja.germaz.pl\/index.php\/wp-json\/wp\/v2\/media?parent=2689"}],"curies":[{"name":"wp","href":"https:\/\/api.w.org\/{rel}","templated":true}]}}